{"id":83950,"date":"2026-03-16T13:58:17","date_gmt":"2026-03-16T13:58:17","guid":{"rendered":"https:\/\/www.areapirata.com\/?post_type=product&#038;p=83950"},"modified":"2026-03-16T13:58:19","modified_gmt":"2026-03-16T13:58:19","slug":"slime-alle-gegen-alle","status":"publish","type":"product","link":"https:\/\/www.areapirata.com\/en\/prodotto\/slime-alle-gegen-alle\/","title":{"rendered":"Slime \u2013 Alle Gegen Alle"},"content":{"rendered":"<p>Vinyl re-issue of 1983 album, 5 bonus tracks.<\/p>\n<p>Tracklist:<br \/>\nA1\t\tLinke Spie\u00dfer\t2:06<br \/>\nA2\t\tSt\u00f6rtebeker\t2:12<br \/>\nA3\t\tUntergang\t2:31<br \/>\nA4\t\tZu Kalt\t2:50<br \/>\nA5\t\tIhr Seid Sch\u00f6n\t2:58<br \/>\nA6\t\tReligion\t3:16<br \/>\nA7\t\tNazis Raus\t2:11<br \/>\nB1\t\tSand Im Getriebe\t2:10<br \/>\nB2\t\tAlle Gegen Alle\t3:00<br \/>\nB3\t\tDie Letzten\t2:09<br \/>\nB4\t\tEtikette T\u00f6tet\t3:19<br \/>\nB5\t\tIch Will Nicht Werden\t3:20<br \/>\nB6\t\tTod\t1:51<br \/>\nB7\t\tOh Boy\t1:41<br \/>\nB8\t\tGuter Rat Ist Teuer\t2:37<br \/>\nC1\t\tA.C.A.B.\t1:44<br \/>\nC2\t\tKarlsquell\t2:47<br \/>\nC3\t\tD.I.S.C.O.\t2:56<br \/>\nD1\t\tWir M\u00fcssen Hier Raus\t4:06<br \/>\nD2\t\tViertes Reich\t2:08<\/p>\n<p>Slime Tontr\u00e4ger \u2013 STT LP 1303<br \/>\nLP, Album, 2013 Reissue, Gatefold Sleeve +<br \/>\n12&#8243;, 45 RPM<\/p>\n","protected":false},"excerpt":{"rendered":"<p>Vinyl re-issue of 1983 album, 5 bonus tracks. Tracklist: A1 Linke Spie\u00dfer 2:06 A2 St\u00f6rtebeker 2:12 A3 Untergang 2:31 A4 Zu Kalt 2:50 A5 Ihr Seid Sch\u00f6n 2:58 A6 Religion 3:16 A7 Nazis Raus 2:11 B1 Sand Im Getriebe 2:10 B2 Alle Gegen Alle 3:00 B3 Die Letzten 2:09 B4 Etikette T\u00f6tet 3:19 B5 Ich [&hellip;]<\/p>\n","protected":false},"featured_media":83952,"comment_status":"closed","ping_status":"closed","template":"","meta":{"_acf_changed":false},"product_brand":[],"product_cat":[1743],"class_list":{"0":"post-83950","1":"product","2":"type-product","3":"status-publish","4":"has-post-thumbnail","6":"product_cat-dlp","7":"product_tag-hc","9":"first","10":"instock","11":"shipping-taxable","12":"purchasable","13":"product-type-simple"},"acf":{"etichetta":"Slime Tontr\u00e4ger","peso_imballato":600,"progrssivo":"","data_uscita_disco":null,"recensioni":"","interviste":""},"_links":{"self":[{"href":"https:\/\/www.areapirata.com\/en\/wp-json\/wp\/v2\/product\/83950","targetHints":{"allow":["GET"]}}],"collection":[{"href":"https:\/\/www.areapirata.com\/en\/wp-json\/wp\/v2\/product"}],"about":[{"href":"https:\/\/www.areapirata.com\/en\/wp-json\/wp\/v2\/types\/product"}],"replies":[{"embeddable":true,"href":"https:\/\/www.areapirata.com\/en\/wp-json\/wp\/v2\/comments?post=83950"}],"version-history":[{"count":0,"href":"https:\/\/www.areapirata.com\/en\/wp-json\/wp\/v2\/product\/83950\/revisions"}],"wp:featuredmedia":[{"embeddable":true,"href":"https:\/\/www.areapirata.com\/en\/wp-json\/wp\/v2\/media\/83952"}],"wp:attachment":[{"href":"https:\/\/www.areapirata.com\/en\/wp-json\/wp\/v2\/media?parent=83950"}],"wp:term":[{"taxonomy":"product_brand","embeddable":true,"href":"https:\/\/www.areapirata.com\/en\/wp-json\/wp\/v2\/product_brand?post=83950"},{"taxonomy":"product_cat","embeddable":true,"href":"https:\/\/www.areapirata.com\/en\/wp-json\/wp\/v2\/product_cat?post=83950"}],"curies":[{"name":"wp","href":"https:\/\/api.w.org\/{rel}","templated":true}]}}