{"id":83932,"date":"2026-03-16T13:38:26","date_gmt":"2026-03-16T13:38:26","guid":{"rendered":"https:\/\/www.areapirata.com\/?post_type=product&#038;p=83932"},"modified":"2026-03-16T13:38:28","modified_gmt":"2026-03-16T13:38:28","slug":"toxoplasma-toxoplasma-silver-marbled-vinyl","status":"publish","type":"product","link":"https:\/\/www.areapirata.com\/en\/prodotto\/toxoplasma-toxoplasma-silver-marbled-vinyl\/","title":{"rendered":"Toxoplasma \u2013 Toxoplasma (Silver Marbled vinyl)"},"content":{"rendered":"<p>Originally released in 1983 and now reissued in a limited edition of 300 copies, 180g vinyl, including download card.<\/p>\n<p>Tracklist:<br \/>\nA1\t\tVakuum<br \/>\nA2\t\tS.O.S.<br \/>\nA3\t\tStefan&#8217;s<br \/>\nA4\t\t1981<br \/>\nA5\t\tOrdin\u00e4re Liebe<br \/>\nA6\t\tTr\u00e4umer<br \/>\nA7\t\tAsozial<br \/>\nA8\t\tF\u00fchrer<br \/>\nA9\t\tPolizeistaat<br \/>\nA10\t\tPass Dich An<br \/>\nB1\t\tDanke<br \/>\nB2\t\tTeenage Frust<br \/>\nB3\t\tHeile Welt<br \/>\nB4\t\tHardrockger\u00e4t<br \/>\nB5\t\tWeltverbesserer<br \/>\nB6\t\tWir Warten<br \/>\nB7\t\tArschlecker<br \/>\nB8\t\tPsychoanalyse<br \/>\nB9\t\tBunker Party<br \/>\nB10\t\tNoch Mehr Orden<\/p>\n<p>Aggressive Punk Produktionen \u2013 2927488AGP<br \/>\nLP, Album, Limited Edition, 2025 Repress, Stereo, Silver Marbled<\/p>\n","protected":false},"excerpt":{"rendered":"<p>Originally released in 1983 and now reissued in a limited edition of 300 copies, 180g vinyl, including download card. Tracklist: A1 Vakuum A2 S.O.S. A3 Stefan&#8217;s A4 1981 A5 Ordin\u00e4re Liebe A6 Tr\u00e4umer A7 Asozial A8 F\u00fchrer A9 Polizeistaat A10 Pass Dich An B1 Danke B2 Teenage Frust B3 Heile Welt B4 Hardrockger\u00e4t B5 Weltverbesserer [&hellip;]<\/p>\n","protected":false},"featured_media":83934,"comment_status":"closed","ping_status":"closed","template":"","meta":{"_acf_changed":false},"product_brand":[],"product_cat":[1932],"class_list":{"0":"post-83932","1":"product","2":"type-product","3":"status-publish","4":"has-post-thumbnail","6":"product_cat-lp-coloured-vinyl","7":"product_tag-hc","9":"first","10":"instock","11":"shipping-taxable","12":"purchasable","13":"product-type-simple"},"acf":{"etichetta":"Aggressive Punk Produktionen","peso_imballato":370,"progrssivo":"","data_uscita_disco":null,"recensioni":"","interviste":""},"_links":{"self":[{"href":"https:\/\/www.areapirata.com\/en\/wp-json\/wp\/v2\/product\/83932","targetHints":{"allow":["GET"]}}],"collection":[{"href":"https:\/\/www.areapirata.com\/en\/wp-json\/wp\/v2\/product"}],"about":[{"href":"https:\/\/www.areapirata.com\/en\/wp-json\/wp\/v2\/types\/product"}],"replies":[{"embeddable":true,"href":"https:\/\/www.areapirata.com\/en\/wp-json\/wp\/v2\/comments?post=83932"}],"version-history":[{"count":0,"href":"https:\/\/www.areapirata.com\/en\/wp-json\/wp\/v2\/product\/83932\/revisions"}],"wp:featuredmedia":[{"embeddable":true,"href":"https:\/\/www.areapirata.com\/en\/wp-json\/wp\/v2\/media\/83934"}],"wp:attachment":[{"href":"https:\/\/www.areapirata.com\/en\/wp-json\/wp\/v2\/media?parent=83932"}],"wp:term":[{"taxonomy":"product_brand","embeddable":true,"href":"https:\/\/www.areapirata.com\/en\/wp-json\/wp\/v2\/product_brand?post=83932"},{"taxonomy":"product_cat","embeddable":true,"href":"https:\/\/www.areapirata.com\/en\/wp-json\/wp\/v2\/product_cat?post=83932"}],"curies":[{"name":"wp","href":"https:\/\/api.w.org\/{rel}","templated":true}]}}