{"id":80169,"date":"2025-04-10T14:50:29","date_gmt":"2025-04-10T14:50:29","guid":{"rendered":"https:\/\/www.areapirata.com\/?post_type=product&#038;p=80169"},"modified":"2025-11-05T10:18:01","modified_gmt":"2025-11-05T10:18:01","slug":"aa-vv-urla-dal-granducato-vol-2-red-vinyl","status":"publish","type":"product","link":"https:\/\/www.areapirata.com\/en\/prodotto\/aa-vv-urla-dal-granducato-vol-2-red-vinyl\/","title":{"rendered":"Various &#8211; Urla dal Granducato VoL.2 (Red Vinyl)"},"content":{"rendered":"<p>Secondo volume della saga da Toscana e immediati dintorni! Le band presenti sono 4 per ben 27 song. Ci sono gli Stato di Polizia con 4 inediti + 4 tracce tratte dalla tape compilation Senza Tregua; si prosegue con i Fall Out che vedono due brani inediti + la versione originaria di Fall Out Distruttore ed altri 3 loro classici live; quindi \u00e8 il turno dei Juggernaut di cui abbiamo selezionato 10 song provenienti da demo e live; infine i caotici Brontosauri con le uniche 3 song che al tempo composero ed immortalate dalla tape comp Last White XMas!!<br \/>\nCopertina di Bad Trip (mitico!) e ri-mixaggio\/mastering a cui di Ovi della West Link!!<\/p>\n<p><b>STATO DI POLIZIA<\/b><\/p>\n<p>Tutto inzi\u00f2, correva l&#8217;anno 1983, su idea di quel vulcanico di Luca (il Del Bimbo), che gi\u00e0 suonava in quel periodo con i Traumatic di Livorno.<br \/>\nIo, Mario, voce e Luca, il Del Bimbo, batteria, conoscevamo e coinvolgemmo all&#8217;inizio Giorgio alla chitarra e Armando al basso, con i quali registrammo il tape &#8220;Senza Tregua&#8221;, su sponsorizzazione mia e di Luca, ed il nostro primo concerto a Pisa per il Last White &#8216;Xmas (Dicembre &#8217;83).<br \/>\nSuccessivamente Giorgio e Armando ci lasciarono e furono sotituiti da Fernando (basso) e Matteo (chitarra), cos\u00ec la Toscana era in buona parte rappresentata!!!<\/p>\n<p>Con il loro arrivo cambi\u00f2 anche lo stile sonoro, da un Punk &#8217;77 ad un Hard Core con influenze Metal neanche tanto velate, praticamente dei precursori visto che era il 1984.<br \/>\nCon questa formazione facemmo 2\/3 concerti al Victor Charlie di Pisa ed un concerto a Falz\u00e8 del Piave (Treviso) nell&#8217;Estate del 1984, insieme ad altri gruppi, tra cui i Wardogs di Lucca.<br \/>\nUn ricordo particolare, oltre a chi ha partecipato a questa breve, ma intensa avventura, va alla cantina dove provavamo in centro a Firenze. Un posto veramente speciale e underground.<\/p>\n<p>Le tracce presenti sulla compilation sono: 1)Uccidi Tuo Fratello<br \/>\n2)Il Cantico delle Creature 3)La Croce 4)Paura 5)Fire<br \/>\n6)Sanguinare 7)I&#8217;m Not Mad 8)It&#8217;s Only Rock&#8217;n&#8217;Roll<br \/>\n1\/4 sono tratte dalla tape comp &#8220;Senza Tregua&#8221; realizzata nel 1984 &#8211; 6\/8 sono tratte da una live session al Victor Charlie di Pisa del 1984<\/p>\n<p><b>FALL OUT<\/b><\/p>\n<p>I FALL OUT nascono nel 1979 a La Spezia e da subito si pongono nel neo nato panorama punk italiano come una delle realt\u00e0 pi\u00f9 incisive grazie all\u2019alto spessore musicale e al pensiero politico espresso nelle liriche che sino all\u2019uscita del 7\u201d autoprodotto nel 1983 rimangono in inglese per essere successivamente cambiate in italiano proprio per risultare pi\u00f9 dirette.<br \/>\nSi va dalla denuncia delle brutalit\u00e0 della guerra, pilastro della nostra societ\u00e0 \u201ccriminale\u201d alla lotta contro l\u2019oscurantismo della religione, dall\u2019antimilitarismo alla necessit\u00e0 dell\u2019unione tra i Punks.<br \/>\nNel 1985 esce la demo \u201c Zona d\u2019insurrezione\u201d e nel 1988 il primo Lp \u201cMondo criminale\u201d (Cobra Rec.),la loro validit\u00e0 viene esaltata in questi anni non solo in Italia ma anche all\u2019estero da personaggi come Biafra e dalla rivista Maximum r\u2019n\u2019r.<br \/>\nNel 1992 esce \u201cXenodrome -il circolo dell\u2019odio\u201d(Cobra rec.) che vede l\u2019alternarsi alla chitarra di Marco Rinaldi con Andrea Villa (Incivili). La formazione torna ad essere quella originale con l\u2019uscita dell\u2019Ep 12\u201d autoprodotto \u201cNeuropa\u201d nel 1996 (Benzo &#8211; Voce, Marco \u2013 Chitarra, Beppe \u2013 Basso, Giampus \u2013 Batteria)<\/p>\n<p>Ad oggi la formazione \u00e8 di nuovo cambiata con l\u2019abbandono del cantante Benzo sostituito da Massimiliano e l\u2019ingresso di Carlo ai campionamenti. Nel nuovo album, nonostante questa apparente svolta sonora con l\u2019approdo all\u2019elettronica in pianta stabile, il sound della band sembra essere tornato quello degli esordi con la riscoperta di quell\u2019aggressivit\u00e0 e irruenza punk\/HC che li ha resi grandi ed ancora stimati a 23 anni di distanza dalla loro nascita.<\/p>\n<p>Le tracce presenti sulla compilation sono: 1)Punx United 2)Poison in Your Life 3)Criminal World 4)Work Insitigates 5)Fear 6)Fall Out Destroyer<br \/>\nTutte le tracce sono tratte dal live session registrato alla Sala Dante di Spezia nel 1983<\/p>\n<p><b>JUGGERNAUT<\/b><\/p>\n<p>La band si forma a Firenze verso la fine del 1982 composta da Marco chitarra e voce, Vincenzo Basso e voce, Gian Marco batteria e voce e la formazione rester\u00e0 sempre la stessa. Il primo concerto viene realizzato durante il Last White Christmas presso la Chiesa sconsacrata di S.Zeno a Pisa. Da allora si intensifica, anche se proporzionale alla grande carenza di spazi, l&#8217;attivit\u00e0 live. Suonano pi\u00f9 volte in Toscana (Pisa, Livorno, Prato, Firenze), ma anche a Ferrara, Roma, Bari, Bologna, La Spezia Piacenza&#8230; In particolare il concerto di Ferrara nel 1983 li vede come supporto italiano ai mitici M.D.C.!!<br \/>\nTutti i testi e in gran parte la musica sono di Marco. L&#8217;unico testo e musica di Vincenzo \u00e8 &#8220;Un minuto d&#8217;odio&#8221;, cantato da Gianmarco come Juggernaut, tutte le altre song sono cantate da Marco.<\/p>\n<p>La band partecipa da subito alla raccolta &#8220;Last White Christmas&#8221; realizzata dal GDHC nel 1983. In seguito prende parte alla compilation su cassetta &#8220;<b><i>Senza Tregua&#8221; <\/i><\/b>, autoprodotta sempre dal GDHC, ed alla compilation <b><i>&#8220;Goot from the boot&#8221;<\/i><\/b>edita dalla Splittle Rec. nel 1984<br \/>\nNel 1986 esce il disco ufficiale sempre su Spittle Rec. <b><i>&#8220;JUGGERNAUT&#8221;<br \/>\n<\/i><\/b>.<br \/>\nLa band in precedenza aveva anche autoprodotto la mitica cassetta del <b><i>&#8220;live al Victor Charlie&#8221;<br \/>\n<\/i><\/b>, che ebbe un uso solo promozionale e da cui sono stati presi dei brani per fare la compilation che state ascoltando. Il tutto nel 1984.<\/p>\n<p>Le tracce presenti sulla compilation sono: 1)Inquisitor 2)Tomorrow 3)Ulster &#8217;77 4)Land Speed 5)Juggernaut 6)Everything From Near 7)Voices 8)Los Federales 9) L.O.A.S. 10)Conv. Act.<br \/>\n1\/5 sono tratte dal live session di Ferrara in supporto agli MDC nel 1984 &#8211; 6\/8 sono tratte da un demo autoprodotto &#8220;Live al Victor Charlie&#8221; del 1984 &#8211; 9\/10 sono tratte dalla tape comp del 1984 &#8220;Senza Tregua&#8221;<\/p>\n<p><b>BRONTOSAURI<\/b><\/p>\n<p>I Brontosauri nascono a Lucca attorno al 1983 sull&#8217;onda dell&#8217;HC-Punk e sono molto legati all&#8217;altra band lucchese gi\u00e0 attiva, i Wardogs.<br \/>\nLa band fa proprio lo slogan &#8220;We Make Chaos, Not Music!&#8221;. E questo lo si poteva capire vedendoli dal vivo!! Purtroppo si fermano a una attivit\u00e0 live di soli 3 concerti.<br \/>\nA dimostrazione di quanto fosse variegata la scena nel GDHC, nel logo della band appare uno scooter perch\u00e9 Trippa e Pinguino erano appunto scooteristi.<\/p>\n<p>Le tracce presenti sulla compilation sono: 1)Capsius Cabanis (Berlino Fuck Off)<br \/>\n2)Brontosauri 3)Opposition<br \/>\nTutte sono tratte dalla tape comp &#8220;Last White XMas &#8221; realizzata nel 1983<\/p>\n","protected":false},"excerpt":{"rendered":"<p>Lp\/Cd<br \/>\nLuglio 2006<br \/>\n<i>Tiratura Lp: 1000 copie (200 vinile rosso)<br \/>\nTiratura Cd: 1000 copie<\/i><\/p>\n","protected":false},"featured_media":34442,"comment_status":"closed","ping_status":"closed","template":"","meta":{"_acf_changed":false},"product_brand":[],"product_cat":[1986],"class_list":{"0":"post-80169","1":"product","2":"type-product","3":"status-publish","4":"has-post-thumbnail","6":"product_cat-lp-coloured-vinyl-en","7":"product_tag-hc","9":"first","10":"instock","11":"shipping-taxable","12":"purchasable","13":"product-type-simple"},"acf":{"etichetta":"Area Pirata","peso_imballato":370,"progrssivo":"","data_uscita_disco":null,"recensioni":"Un grandissimo artwork dell'ultimo, geniale, Prof. Bad Trip per una raccolta imprescindibile per tutti i fans dell'hardcore italico degli ottantas. Urla dal Granducato volume 2, ovvero i bei tempi (andati?) in cui la Toscana era una regione con un fermento musicale spaventoso. Non sto parlando ovviamente della pi\u00f9 notoria scena new wave (Litfiba, Diaframma, Caf\u00e8 Caracas, etc. etc.), ma di quell'ensemble di luoghi, persone, gruppi e situazioni che prendeva allora il nome di Granducato Hardcore, e che sforn\u00f2 senza colpo ferire alcuni tra i pi\u00f9 grandi combi punk della penisola. Questa raccolta, cos\u00ec come il precedente volume, si ripropone tuttavia l'intento filologico di pescare anche tra le cose meno note, quelle che spesso e volentieri mai finirono su vinile e cazzo se meritavano. E' sicuramente il caso degli Stato Di Polizia, per me assolutamente il miglior gruppo toscano in assoluto dopo i Cheetah Chrome Motherfuckers. Chi non ha mai ascoltato il loro epico anthem dark-punk \"Uccidi tuo fratello\" pu\u00f2 ora ovviare immediatamente, visto che qui c'\u00e8 tutto lo scibile ripreso nientepopodimeno che dai master originali. E la lista \u00e8 ancora lunga...\r\nFall Out: il gruppo spezzino - tuttora in attivit\u00e0 e come sempre assolutamente enorme - non ha bisogno di presentazioni. Qui si celebra la sua connessione con il Granducato, ripescando una session talmente rara che neanche i pi\u00f9 accaniti collezionisti di rip (come il sottoscritto) ci avranno mai messo le mani sopra. E ancora: Juggernaut, direttamente dal loro live di supporto agli MDC (Ferrara, 1984), e i Brontosauri di Lucca, progetto chaos-non-musica di vita breve e in qualche modo collaterale ai Wardogs.\r\nManco a dirlo, booklet curatissimo, con cenni storici sulle bands e tonnellate di vecchi loghi, flyer, foto, collage e chi pi\u00f9 ne ha pi\u00f9 ne metta. Un disco che riporter\u00e0 qualcuno direttamente al Victor Charlie.\r\nPer voi maniaci del vintage ma non solo: direi un must imprescindibile per tutti. Abbiatelo e inchinatevi.\r\n\r\n<b><i>Lamette 10\/12\/06<\/i><\/b>\r\n\r\n\r\nIl Granducato Hardcore \u00e8 stata una delle ISTITUZIONI della scena hardcore italiana (mondiale , direi) degli anni 80.\r\nIl secondo volume di \"Urla dal Granducato\" coglie alcuni frammenti ben esemplificativi di quello che si suonava ed ascoltava all`epoca e che ancora aveva senso chiamare punk.\r\nAscoltate Stato di Polizia , Juggernaut , Fall Out (con , tra l`altro , una versione live della mitica \"Punx united\") e Brontosauri , e confrontatela con quella pappa omogeneizzata che oggi chiamano punk.\r\nQui c`\u00e8 la vera rabbia , la vera violenza sonora , una musica senza nessun compromesso , che non scendeva a patti con niente e con nessuno.\r\nIn parole povere :PUNK.\r\n\r\n<b><i>Radio Coop 10\/06<\/i><\/b>\r\n\r\n\r\nDopo aver aperto le danze con il primo volume di questa raccolta, Area Pirata continua la sua indomita opera storiografica, rendendo nuovamente disponibili le incisioni di altri quattro gruppi gravitanti attorno al GranDucato hardcore.\r\nQuesta volta, accanto a registrazioni storiche dei Fall Out di La Spezia, nuovamente sulla breccia e autori nel 2004 dell'ottimo Americananti, troviamo tre nomi storici della scena toscana: Stato Di Polizia, Juggernaut e Brontosauri, purtroppo presenti con soli tre brani apparsi sulla tape-compilation Last White Xmas,unico lascito ai posteri della formazione lucchese. Inutile soffermarsi sul valore di una raccolta che, al pari del primo episodio, riporta alla luce registrazioni preziosissime per tutti i completisti di quella stagione d'oro. Quello che qui preme sottolineare \u00e8 l'importanza del dare voce a formazioni meno conosciute, ma non per questo meno valide o interessanti.\r\nIl GranDucato ha saputo rappresentare un'esperienza peculiare in seno alla scena italiana, vuoi per la capacit\u00e0 di riunire sotto una stessa bandiera citt\u00e0 una volta rivali, vuoi per essersi imposto grazie a band di elevata qualit\u00e0 e dalla personalit\u00e0 estremamente marcata. A vestire il dischetto troviamo l'artwork del sempre unico Prof. Bad Trip, dal tratto inimitabile e puntuale nel dare un volto alle note di quel momento irripetibile.\r\nA cura di: Michele Giorgi\r\n\r\n<b><i>Audiodrome 11\/06<\/i><\/b>\r\n\r\nI ragazzacci di Area Pirata ci deliziano con questo nuovo disco contenente 4 bands che hanno fatto la storia del GDHC (Granducato Hard Core).\r\nCi sono pezzi all'interno di questo disco che fanno parte del mio curriculum culturale, Uccidi Tuo Fratello degli Stato di Polizia \u00e8 qualcosa di pi\u00f9 di una canzone, \u00e8 un inno di quegli anni. Come del resto Criminal World dei Fall Out, bellissima e pensare che la ascoltavo quando usc\u00ec, gli Juggernaut con Land Speed, la chitarra che inizia Ulster 77, sono tutti brani che mi scorrono gi\u00f9 per la schiena come un brivido......\r\nQuesta era solo un'appendice, esistono anche altri pezzi sia dei SDP, dei Fall Out che di Juggernaut. Per\u00f2 c'\u00e8 un'altra band e devo ammettere che non li conoscevo e sono i Brontosauri di Lucca. Che altro dire, per me un pezzo di cuore e anima, per il resto uno spettacolo!\r\n\r\n<b><i>Trippa Shake 02\/07<\/i><\/b>\r\n\r\n\r\n\r\nL'Area Pirata Records, etichetta toscana sempre attenta alle radici del Punk italiano, ha dato alle stampe il secondo volume della serie \"Urla Dal Granducato\" dedicato alle band seminale della scena Punk-Hard Core degli anni '80.\r\nCome si capisce dal titolo, anche questa volta abbiamo a che fare con i protagonisti del Granducato Hard Core, ovvero del movimento che incendi\u00f2 la Toscana orami pi\u00f9 di 20 anni fa.\r\nIl disco \u00e8 diviso tra Stato Di Polizia, Juggernaut, Brontosauri e Fall Out (unica band propriamente non toscana, perch&amp;eacute basata a La Spezia, ma che tanto collabor\u00f2 con il Granducato): 4 band per un totale di 27 pezzi.\r\nSi parte con gli Stato Di Polizia di Livorno che mai approdarono al vinile, ma che incendiarono il palco al mitico Last White 'Xmas del dicembre 1983. Qui sono presenti 4 tracce dalla compilation \"Senza Tregua\" uscita nel 1984 per la Ribelli Uniti Records e 4 song inedite registrate dal vivo al Victor Charlie di Pisa sempre nell'84.\r\nSi continua con i pi\u00f9 conosciuti Fall Out: i 6 pezzi sono estratti da una live session sinora inedita registrata nella Sala Dante a La Spezia nel 1983, compresa la versione originaria dell'inno \"Fall out Destroyer\".\r\nSeguono 10 pezzi dei fiorentini Juggernaut tratti dal concerto di Ferrara dell'84 in cui nostri suonarono di spalla agli americani M.D.C., da un demo autoprodotto \"Live At Victor Charlie\" del 1984 e 2 song uscite sulla cassetta \"Senza Tregua\".\r\nChiudono in bellezza i Brontosauri, la band pi\u00f9 oscura della compilation, poich\u00e9 si estinsero nell'arco di 3 concerti. Gli unici 3 pezzi che composero furono immortalati nella compilation live Last White 'Xmas e lasciano a bocca aperta ancora oggi per l'irruenza e la violenza sonora che sprigionano.\r\nTutte le song sono remixate e rimasterizzate da Ovi dei West Link studios e la splendida grafica, come di tradizione, \u00e8 a firma del mitico Professor Bad Trip, purtroppo recentemente scomparso.\r\nUn altro capitolo della nostra storia \u00e8 stato scritto.\r\nVoto 9\/10\r\n\r\n<b><i>Davide - Punkadeka 02\/07<\/i><\/b>\r\n\r\n\r\nSecondo capitolo per la raccolta curata da Areapirata <i>Urla dal Granducato<\/i>.\r\nL'etichetta prosegue il suo lavoro di recupero di una delle realt\u00e0 pi\u00f9 influenti ed innovative dell'asfittico panorama nazionale, quel Granducato Hardcore che oltre a nomi pi\u00f9 \"famosi\" come gli I Refuse It, diede i natali a una serie di gruppi (anche non toscani a dire la verit\u00e0) che probabilmente fossero nati oltreoceano avrebbero avuto miglior fortuna.\r\nE cos\u00ec, dopo Wardogs, Senza Sterzo, Auf'schlag e Holocaust, ora tocca a Stato di Polizia, Fall Out, Juggernaut e Brontosauri far vedere quanto la scena hc toscana fosse vitale negli anni '80.\r\nSi parte con gli Stato di Polizia di cui conoscevo solo il pezzo <i>Uccidi Tuo Fratello<\/i>; di sicuro mi ero perso qualcosa visto che tutti i 9 pezzi a loro disposizione sono veramente coinvolgenti e graffianti, su tutti la tsoliana (perdonatemi il neologismo) <i>Il Cantico delle creature<\/i> e <i>It's only rock'n'roll<\/i>, tratta da una live session al Victor Charlie di Pisa, uno dei punti nevralgici della scena toscana anni '80.\r\nSi prosegue con gli spezzini Fall Out (ma da sempre attivi con i gruppi del Granducato) qui presenti con sei pezzi registrati live alla Sala Dante. A parte la rarit\u00e0 della sessione scelta, fa una certa impressione riascoltare <i>Punx United<\/i> o <i>Criminal World<\/i> e pensare che il gruppo \u00e8 di nuovo attivo con lo stesso spirito e attitudine di quegli anni (chi li ha visti dal vivo pu\u00f2 confermare).\r\nAncora live per i fiorentini Juggernaut, qui ripresi in piena forma di supporto agli MDC e nel demo tape <i>Live at Victor Charlie<\/i>, oltre che con due pezzi tratti dalla compilation <i>Senza Tregua<\/i>. Qui il valore del documento non \u00e8 solo per i collezionisti sfegatati, visto che la qualit\u00e0 audio sale parecchio, cos\u00ec da permettere di ascoltare al meglio schegge impazzite come <i>Land Speed<\/i> ed <i>Everything from Near<\/i>.\r\nChiudono questo cd 3 pezzi dei misconosciuti Brontosauri, loschi individui riconducibili territorialmente ai Wardogs, attivi per il breve spazio di 3 concerti ed autori di un hc punk caotico ai limiti del crust.\r\nChe altro aggiungere, lodi e gloria a chi spende soldi, tempo ed energie per salvare dall'oblio delle nuove generazioni queste pietre miliari, tra l'altro arricchendo tutto con preziose informazioni sui gruppi coinvolti e con una veste grafica che riporta direttamente ai primi anni '80 (tutto firmato dall'inimitabile Prof. Bad Trip, purtroppo recentemente scomparso).\r\nIn definitiva, un disco da avere, da consumare e custodire gelosamente per i posteri. Dimostrate che non \u00e8 solo roba per nostalgici e vedrete che tra vent'anni il valore di quest'opera sar\u00e0 rimasto inalterato.\r\n\r\n<b><i>Pompeo_TTF - Stay Punk Webzine 15\/04\/07<\/i><\/b>","interviste":""},"_links":{"self":[{"href":"https:\/\/www.areapirata.com\/en\/wp-json\/wp\/v2\/product\/80169","targetHints":{"allow":["GET"]}}],"collection":[{"href":"https:\/\/www.areapirata.com\/en\/wp-json\/wp\/v2\/product"}],"about":[{"href":"https:\/\/www.areapirata.com\/en\/wp-json\/wp\/v2\/types\/product"}],"replies":[{"embeddable":true,"href":"https:\/\/www.areapirata.com\/en\/wp-json\/wp\/v2\/comments?post=80169"}],"version-history":[{"count":0,"href":"https:\/\/www.areapirata.com\/en\/wp-json\/wp\/v2\/product\/80169\/revisions"}],"wp:featuredmedia":[{"embeddable":true,"href":"https:\/\/www.areapirata.com\/en\/wp-json\/wp\/v2\/media\/34442"}],"wp:attachment":[{"href":"https:\/\/www.areapirata.com\/en\/wp-json\/wp\/v2\/media?parent=80169"}],"wp:term":[{"taxonomy":"product_brand","embeddable":true,"href":"https:\/\/www.areapirata.com\/en\/wp-json\/wp\/v2\/product_brand?post=80169"},{"taxonomy":"product_cat","embeddable":true,"href":"https:\/\/www.areapirata.com\/en\/wp-json\/wp\/v2\/product_cat?post=80169"}],"curies":[{"name":"wp","href":"https:\/\/api.w.org\/{rel}","templated":true}]}}