{"id":77505,"date":"2024-10-05T05:58:11","date_gmt":"2024-10-05T05:58:11","guid":{"rendered":"https:\/\/www.areapirata.com\/?post_type=product&#038;p=77505"},"modified":"2025-04-26T12:54:42","modified_gmt":"2025-04-26T12:54:42","slug":"the-crystal-teardrop-running-out-of-time-apres-jeudi","status":"publish","type":"product","link":"https:\/\/www.areapirata.com\/en\/prodotto\/the-crystal-teardrop-running-out-of-time-apres-jeudi\/","title":{"rendered":"The Crystal Teardrop &#8211; Running Out Of Time\/apres Jeudi"},"content":{"rendered":"<p>Inspired by the sights, sounds and creative experimentation of the mid to late 1960s, The Crystal Teardrop, with their distinctive blend of garage rock and psychedelia, came together in early 2023. Based in Stoke on Trent, England the band have quickly gained a reputation for their high energy live performances and this release is their 2nd single. &#8216;Running Out Of Time&#8217; is a powerful garage fuzzer featuring layered harmonies, classic Farfisa and razor sharp guitar while &#8216;Apr\u00e8s Jeudi&#8217; is a heavy dancer inspired by the band&#8217;s love for y\u00e9 y\u00e9, Jacques Dutronc and The MC5.<\/p>\n<p>Rogue Records \u2013 RR-021<\/p>\n","protected":false},"excerpt":{"rendered":"<p>Inspired by the sights, sounds and creative experimentation of the mid to late 1960s, The Crystal Teardrop, with their distinctive blend of garage rock and psychedelia, came together in early 2023. Based in Stoke on Trent, England the band have quickly gained a reputation for their high energy live performances and this release is their [&hellip;]<\/p>\n","protected":false},"featured_media":77506,"comment_status":"closed","ping_status":"closed","template":"","meta":{"_acf_changed":false},"product_brand":[],"product_cat":[1879],"class_list":{"0":"post-77505","1":"product","2":"type-product","3":"status-publish","4":"has-post-thumbnail","6":"product_cat-7-3","7":"product_tag-garage","9":"first","10":"outofstock","11":"shipping-taxable","12":"purchasable","13":"product-type-simple"},"acf":{"etichetta":"Rogue Records","peso_imballato":200,"progrssivo":"","data_uscita_disco":null,"recensioni":"","interviste":""},"_links":{"self":[{"href":"https:\/\/www.areapirata.com\/en\/wp-json\/wp\/v2\/product\/77505","targetHints":{"allow":["GET"]}}],"collection":[{"href":"https:\/\/www.areapirata.com\/en\/wp-json\/wp\/v2\/product"}],"about":[{"href":"https:\/\/www.areapirata.com\/en\/wp-json\/wp\/v2\/types\/product"}],"replies":[{"embeddable":true,"href":"https:\/\/www.areapirata.com\/en\/wp-json\/wp\/v2\/comments?post=77505"}],"version-history":[{"count":0,"href":"https:\/\/www.areapirata.com\/en\/wp-json\/wp\/v2\/product\/77505\/revisions"}],"wp:featuredmedia":[{"embeddable":true,"href":"https:\/\/www.areapirata.com\/en\/wp-json\/wp\/v2\/media\/77506"}],"wp:attachment":[{"href":"https:\/\/www.areapirata.com\/en\/wp-json\/wp\/v2\/media?parent=77505"}],"wp:term":[{"taxonomy":"product_brand","embeddable":true,"href":"https:\/\/www.areapirata.com\/en\/wp-json\/wp\/v2\/product_brand?post=77505"},{"taxonomy":"product_cat","embeddable":true,"href":"https:\/\/www.areapirata.com\/en\/wp-json\/wp\/v2\/product_cat?post=77505"}],"curies":[{"name":"wp","href":"https:\/\/api.w.org\/{rel}","templated":true}]}}