{"id":73450,"date":"2023-11-20T07:44:00","date_gmt":"2023-11-20T07:44:00","guid":{"rendered":"https:\/\/www.areapirata.com\/prodotto\/amon-duul-paradieswarts-duul\/"},"modified":"2023-11-20T07:44:00","modified_gmt":"2023-11-20T07:44:00","slug":"amon-duul-paradieswarts-duul","status":"publish","type":"product","link":"https:\/\/www.areapirata.com\/en\/prodotto\/amon-duul-paradieswarts-duul\/","title":{"rendered":"Amon D\u00fc\u00fcl &#8211; Paradiesw\u00e4rts D\u00fc\u00fcl"},"content":{"rendered":"<p>In 1970, this groundbreaking album was produced by Julius Schittenhelm at Cineton Studio in Munich. This album was also transferred from the analog tapes and remastered extensively.<br \/>\nLimited Edition, 2008 Reissue, Stereo<\/p>\n","protected":false},"excerpt":{"rendered":"<p>In 1970, this groundbreaking album was produced by Julius Schittenhelm at Cineton Studio in Munich. This album was also transferred from the analog tapes and remastered extensively. Limited Edition, 2008 Reissue, Stereo<\/p>\n","protected":false},"featured_media":58263,"comment_status":"open","ping_status":"closed","template":"","meta":{"_acf_changed":false},"product_brand":[],"product_cat":[1877],"class_list":{"0":"post-73450","1":"product","2":"type-product","3":"status-publish","4":"has-post-thumbnail","6":"product_cat-lp-en","7":"product_tag-sixties","9":"first","10":"instock","11":"shipping-taxable","12":"purchasable","13":"product-type-simple"},"acf":{"etichetta":"Wah Wah Records","peso_imballato":370,"progrssivo":"","data_uscita_disco":null,"recensioni":"","interviste":""},"_links":{"self":[{"href":"https:\/\/www.areapirata.com\/en\/wp-json\/wp\/v2\/product\/73450","targetHints":{"allow":["GET"]}}],"collection":[{"href":"https:\/\/www.areapirata.com\/en\/wp-json\/wp\/v2\/product"}],"about":[{"href":"https:\/\/www.areapirata.com\/en\/wp-json\/wp\/v2\/types\/product"}],"replies":[{"embeddable":true,"href":"https:\/\/www.areapirata.com\/en\/wp-json\/wp\/v2\/comments?post=73450"}],"version-history":[{"count":0,"href":"https:\/\/www.areapirata.com\/en\/wp-json\/wp\/v2\/product\/73450\/revisions"}],"wp:featuredmedia":[{"embeddable":true,"href":"https:\/\/www.areapirata.com\/en\/wp-json\/wp\/v2\/media\/58263"}],"wp:attachment":[{"href":"https:\/\/www.areapirata.com\/en\/wp-json\/wp\/v2\/media?parent=73450"}],"wp:term":[{"taxonomy":"product_brand","embeddable":true,"href":"https:\/\/www.areapirata.com\/en\/wp-json\/wp\/v2\/product_brand?post=73450"},{"taxonomy":"product_cat","embeddable":true,"href":"https:\/\/www.areapirata.com\/en\/wp-json\/wp\/v2\/product_cat?post=73450"}],"curies":[{"name":"wp","href":"https:\/\/api.w.org\/{rel}","templated":true}]}}