{"id":72798,"date":"2023-09-28T04:31:19","date_gmt":"2023-09-28T04:31:19","guid":{"rendered":"https:\/\/www.areapirata.com\/prodotto\/aa-vv-hava-narghile-middle-eastern-raga-rock-ala-turquie-66-75\/"},"modified":"2025-10-27T15:59:19","modified_gmt":"2025-10-27T15:59:19","slug":"aa-vv-hava-narghile-middle-eastern-raga-rock-ala-turquie-66-75","status":"publish","type":"product","link":"https:\/\/www.areapirata.com\/en\/prodotto\/aa-vv-hava-narghile-middle-eastern-raga-rock-ala-turquie-66-75\/","title":{"rendered":"Various &#8211; Hava Narghile Vol. 1"},"content":{"rendered":"<p>From a land of minarets and mosques, comes this compilation of some of the best garage and psych music from a country where psychedelic music flourished for a decade: A period in which Turkish rock musicians mixed the oriental overtones of their traditional folk music with Acid rock.<\/p>\n<p>Tracklist:<br \/>\n1       Siluetler\u2013\tLorke Lorke 2:15<br \/>\n2\tKayg\u0131s\u0131zlar\u2013\t\u015ea\u015f\u0131rd\u0131m (Short Circuit) 2:42<br \/>\n3\tMavi Is\u0131klar\u2013\tIyi D\u00fc\u015f\u00fcn Ta\u015f\u0131n (For Your Information) 2:30<br \/>\n4\tHaramiler\u2013\t\u00c7aml\u0131ca Yolunda 2:24<br \/>\n5\tYabanc\u0131lar\u2013\tA\u011f\u0131t 4:00<br \/>\n6\tApaslar\u2013\tG\u0131lgam\u0131\u015f 3:25<br \/>\n7\tMogollar\u2013\tHard Work 2:29<br \/>\n8\tErkin Koray\u2013\tAnma Arkada\u015f 4:04<br \/>\n9\tBar\u0131s Man\u00e7o &#038; Kayg\u0131s\u0131zlar\u2013\tFlower Of Love 2:48<br \/>\n10\tErkut Ta\u00e7k\u0131n With Okan Dincer &#038; Kontrastlar\u2013\tM\u00fch\u00fcr G\u00f6zl\u00fcm 3:18<br \/>\n11\t\u00c7agr\u0131s\u0131m\u2013\tDivane G\u00f6nl\u00fcm 5:06<br \/>\n12\tBar\u0131s Man\u00e7o &#038; Kayg\u0131s\u0131zlar\u2013\tTrip (Fairground) 3:05<br \/>\n13\tMogollar\u2013\tBerkay Oyun Havas\u0131 3:44<br \/>\n14\tGrup Bunal\u0131m\u2013\tBa\u015fak Sa\u00e7l\u0131m 3:04<br \/>\n15\t\u00dc\u00e7 H\u00fcrel\u2013\t&#8230;Ve Ol\u00fcm 3:40<br \/>\n16\tErkin Koray &#038; Ter (3)\u2013\tHor G\u00f6rme Garibi 3:54<br \/>\n17\tBar\u0131s Man\u00e7o\u2013\tBen Bilirim 3:32<br \/>\n18\tKoray Oktay\u2013\tVefas\u0131z Dost 2:45<br \/>\n19\tErsen\u2013\tSor Kendine 2:58<br \/>\n20\tMelih Faruk Serdar Saygun\u2013\tGurbet Ac\u0131s\u0131 2:19<br \/>\n21\tErkin Koray\u2013\t\u015ea\u015fk\u0131n 4:24<br \/>\n22\tG\u00f6k\u00e7en Kaynatan\u2013\tPencerenin Perdesini 2:27<\/p>\n<p>Bacchus Archives \u2013 BA1162<\/p>\n","protected":false},"excerpt":{"rendered":"<p>From a land of minarets and mosques, comes this compilation of some of the best garage and psych music from a country where psychedelic music flourished for a decade: A period in which Turkish rock musicians mixed the oriental overtones of their traditional folk music with Acid rock. Tracklist: 1 Siluetler\u2013 Lorke Lorke 2:15 2 [&hellip;]<\/p>\n","protected":false},"featured_media":79165,"comment_status":"open","ping_status":"closed","template":"","meta":{"_acf_changed":false},"product_brand":[],"product_cat":[1985],"class_list":{"0":"post-72798","1":"product","2":"type-product","3":"status-publish","4":"has-post-thumbnail","6":"product_cat-cd-en","7":"product_tag-sixties","9":"first","10":"outofstock","11":"shipping-taxable","12":"purchasable","13":"product-type-simple"},"acf":{"etichetta":"Bacchus Archives","peso_imballato":135,"progrssivo":"","data_uscita_disco":null,"recensioni":"","interviste":""},"_links":{"self":[{"href":"https:\/\/www.areapirata.com\/en\/wp-json\/wp\/v2\/product\/72798","targetHints":{"allow":["GET"]}}],"collection":[{"href":"https:\/\/www.areapirata.com\/en\/wp-json\/wp\/v2\/product"}],"about":[{"href":"https:\/\/www.areapirata.com\/en\/wp-json\/wp\/v2\/types\/product"}],"replies":[{"embeddable":true,"href":"https:\/\/www.areapirata.com\/en\/wp-json\/wp\/v2\/comments?post=72798"}],"version-history":[{"count":0,"href":"https:\/\/www.areapirata.com\/en\/wp-json\/wp\/v2\/product\/72798\/revisions"}],"wp:featuredmedia":[{"embeddable":true,"href":"https:\/\/www.areapirata.com\/en\/wp-json\/wp\/v2\/media\/79165"}],"wp:attachment":[{"href":"https:\/\/www.areapirata.com\/en\/wp-json\/wp\/v2\/media?parent=72798"}],"wp:term":[{"taxonomy":"product_brand","embeddable":true,"href":"https:\/\/www.areapirata.com\/en\/wp-json\/wp\/v2\/product_brand?post=72798"},{"taxonomy":"product_cat","embeddable":true,"href":"https:\/\/www.areapirata.com\/en\/wp-json\/wp\/v2\/product_cat?post=72798"}],"curies":[{"name":"wp","href":"https:\/\/api.w.org\/{rel}","templated":true}]}}