{"id":55030,"date":"2023-09-28T05:25:35","date_gmt":"2023-09-28T05:25:35","guid":{"rendered":"https:\/\/woocommerce-895352-3868679.cloudwaysapps.com\/product\/lisa-beat-e-i-bugiardi-la-decima-vittima-black-vinyl-2"},"modified":"2026-04-29T09:33:35","modified_gmt":"2026-04-29T09:33:35","slug":"lisa-beat-e-i-bugiardi-la-decima-vittima-black-vinyl","status":"publish","type":"product","link":"https:\/\/www.areapirata.com\/en\/prodotto\/lisa-beat-e-i-bugiardi-la-decima-vittima-black-vinyl\/","title":{"rendered":"Lisa Beat e i Bugiardi &#8211; La Decima Vittima (Black vinyl)"},"content":{"rendered":"<p>Dopo l&#8217;ottima accoglienza e il sold out del primo EP Lisa Beat e i suoi Bugiardi ci provano ancora. La formula \u00e8 la stessa del 45 giri dell&#8217;esordio: tre brani danzerecci e di facile ascolto, due originali e una cover.<\/p>\n<p>Sul lato A c&#8217;\u00e8 &#8220;Sole&#8221; che si rif\u00e0 alle atmosfere 60s soul con un arrangiamento arricchito da una sezione trombe. Nel lato B un altro originale: &#8220;Io non esisto pi\u00f9&#8221;, pi\u00f9 vicina ai temi classici del Beat italiano. A concludere una cover strumentale che da il titolo al singolo: &#8220;La Decima Vittima&#8221;, un arrangiamento in salsa &#8220;Spy Story&#8221; di &#8220;Miss Augusta&#8221;, brano della storica band italiana &#8220;MiniVIP&#8221;.<\/p>\n<p>La grafica \u00e8 curata da Max Galli, autore di opere e fumetti in stile Mod 60s. In copertina una musa ispirata al look di Olga (Elsa Martinelli) in &#8220;La Decima Vittima&#8221;, l&#8217;iconico film del 1965 di Elio Petri, con Marcello Mastroianni e Ursula Andress, a cui questo disco &#8220;bugiardo&#8221; vuole rendere omaggio.<\/p>\n","protected":false},"excerpt":{"rendered":"<p>7&#8243;EP<br \/>\nGiugno 2022<br \/>\n<i>Tiratura 7&#8243;: 250 copie<br \/>\n(100 halloween orange)<\/i><\/p>\n","protected":false},"featured_media":54794,"comment_status":"open","ping_status":"closed","template":"","meta":{"_acf_changed":false},"product_brand":[],"product_cat":[1924],"class_list":{"0":"post-55030","1":"product","2":"type-product","3":"status-publish","4":"has-post-thumbnail","6":"product_cat-7ep-en","7":"product_tag-garage","9":"first","10":"outofstock","11":"shipping-taxable","12":"purchasable","13":"product-type-simple"},"acf":{"etichetta":"Area Pirata","peso_imballato":180,"progrssivo":"","data_uscita_disco":null,"recensioni":"Lisa Beat ed i suoi Bugiardi hanno, con la loro musica e con la loro immagine, un indubbio potere sulla mia persona quello di riportarmi all'anno pi\u00f9 cool della storia di questo pazzo pazzo mondo: il 1966.\r\n\r\n\r\nAnno nel quale uscivamo i dischi pi\u00f9 fighi di sempre e si svolgeva l' edizione pi\u00f9 iconica dei campionati mondiali di calcio non a caso organizzata in Inghilterra. Ovviamente la band non pu\u00f2 che proporsi nel formato rock'n'roll per eccellenza il 7\", in questo caso contenente tre canzoni brevi ed incisive come vuole la tradizione pi\u00f9 consolidata della musica che noi pi\u00f9 amiamo.\r\n\r\n\r\nSi diceva quindi tre brani il primo dei quali Sole \u00e8 un beat super efficace che avrei visto perfettamente eseguito - in uno splendido bianco e nero - in un programma come Senza Rete di Enzo Trapani, segue la dolce ma torrida Io Non Esisto Pi\u00f9 contrassegnata dal lavoro eccellente delle tastiere nonch\u00e9 dal perfetto alternarsi della voce portante e dei cori chiude il tutto La Decima Vittima uno strumentale riempi dancefloor - uno di quegli giusti of course - che far\u00e0 ballare anche i mobili della vostra stanza.\r\n\r\n\r\nConcedetevi un tuffo in un passato che riporta le lancette dell'orologio al periodo pi\u00f9 foriero di avvenimenti che mente umana ricordi, questo singolo ve ne fornir\u00e0 la chiave d'accesso.\r\n\r\n<b><i>Luca Calcagno - InYourEyes 'zine 17\/16\/2022<\/i><\/b>","interviste":""},"_links":{"self":[{"href":"https:\/\/www.areapirata.com\/en\/wp-json\/wp\/v2\/product\/55030","targetHints":{"allow":["GET"]}}],"collection":[{"href":"https:\/\/www.areapirata.com\/en\/wp-json\/wp\/v2\/product"}],"about":[{"href":"https:\/\/www.areapirata.com\/en\/wp-json\/wp\/v2\/types\/product"}],"replies":[{"embeddable":true,"href":"https:\/\/www.areapirata.com\/en\/wp-json\/wp\/v2\/comments?post=55030"}],"version-history":[{"count":1,"href":"https:\/\/www.areapirata.com\/en\/wp-json\/wp\/v2\/product\/55030\/revisions"}],"predecessor-version":[{"id":84306,"href":"https:\/\/www.areapirata.com\/en\/wp-json\/wp\/v2\/product\/55030\/revisions\/84306"}],"wp:featuredmedia":[{"embeddable":true,"href":"https:\/\/www.areapirata.com\/en\/wp-json\/wp\/v2\/media\/54794"}],"wp:attachment":[{"href":"https:\/\/www.areapirata.com\/en\/wp-json\/wp\/v2\/media?parent=55030"}],"wp:term":[{"taxonomy":"product_brand","embeddable":true,"href":"https:\/\/www.areapirata.com\/en\/wp-json\/wp\/v2\/product_brand?post=55030"},{"taxonomy":"product_cat","embeddable":true,"href":"https:\/\/www.areapirata.com\/en\/wp-json\/wp\/v2\/product_cat?post=55030"}],"curies":[{"name":"wp","href":"https:\/\/api.w.org\/{rel}","templated":true}]}}