{"id":52321,"date":"2023-09-28T05:01:01","date_gmt":"2023-09-28T05:01:01","guid":{"rendered":"https:\/\/woocommerce-895352-3868679.cloudwaysapps.com\/product\/baby-jesus-words-of-hate-2"},"modified":"2024-12-02T10:17:42","modified_gmt":"2024-12-02T10:17:42","slug":"baby-jesus-words-of-hate","status":"publish","type":"product","link":"https:\/\/www.areapirata.com\/en\/prodotto\/baby-jesus-words-of-hate\/","title":{"rendered":"Baby Jesus &#8211; Words of Hate"},"content":{"rendered":"<p>Baby Jesus \u00e8 il suono che vorresti sentire quando entri in un club R&#8217;n&#8217;R. Questo gruppo di quattro elementi originario di Halmstad, in Svezia, \u00e8 riuscito a incanalare l&#8217;energia grezza attraverso un registratore analogico ed il risultato \u00e8 un concentrato di rock, psichedelia, surf, garage e punk. Dopo aver pubblicato due album &#8220;Baby Jesus&#8221; (2015) e &#8220;Took Our Sons Away&#8221; (2017), i nostri stanno ora per diffondere la loro terza creatura nel mondo.<\/p>\n<p>&#8220;Words of Hate&#8221; (2020), in uscita il 1\u00b0 Maggio 2020 a cura della label Italian Area Pirata, consiste di energia viva in bottiglia, assieme a sudore, sangue, lacrime, canti e danze. Le sue &#8220;13 tracce&#8221; sono la migliore sintesi di ci\u00f2 che sono i Baby Jesus. Come ha detto Psychadellic baby Magazine: &#8220;<em>This is gnarly garage psych in its truest form right here, folks. No bullshit, no fucking around<\/em>&#8220;.<\/p>\n","protected":false},"excerpt":{"rendered":"<p>LP<br \/>\nMaggio 2020<br \/>\n<i>Tiratura: 300 copie <\/i><\/p>\n","protected":false},"featured_media":52155,"comment_status":"open","ping_status":"closed","template":"","meta":{"_acf_changed":false},"product_brand":[],"product_cat":[1877],"class_list":{"0":"post-52321","1":"product","2":"type-product","3":"status-publish","4":"has-post-thumbnail","6":"product_cat-lp-en","7":"product_tag-garage","9":"first","10":"instock","11":"shipping-taxable","12":"purchasable","13":"product-type-simple"},"acf":{"etichetta":"Area Pirata","peso_imballato":370,"progrssivo":"","data_uscita_disco":null,"recensioni":"Svedesi e capelloni, i Baby Jesus trovano dimora in Italia per licenziare il loro terzo album, il meno aggressivo del lotto.\r\n\r\nSi apre alla grandissima con una No Reason at All che \u00e8 un tripudio di merda folk-rock malata come e pi\u00f9 di quella di Roky Erickson per poi approssimarsi ai Black Lips di Good Bad Not Evil e ai Frowning Clouds con la successiva Do Worry, dopodich\u00e9 gran parte di Words of Hate finisce per suonare come una sorta di Merseybeat lasciato in pasto ad un branco di zombi per farne scempio e ruttare sazi su una cosa come Girl Bangs, con l\u2019ombra nera di Link Wray che passeggia fra e sui vetri.\r\n\r\nUn suono sgarbato, strafottente e dinoccolato, quello dei Baby Jesus. Che sembra approssimativo ma \u00e8 invece ricco e perfetto pi\u00f9 di quanto lasci vedere (ascoltate in cuffia cose come Who You Are, Red Fangs o Baked for Money per scrutarne la filigrana come fate con le banconote quando le mettete in controluce, NdLYS).\r\n\r\nUn Ges\u00f9 perennemente bambino che non ha ancora imparato le parole d\u2019amore. E che ha messo su la sua prima garage band.\r\n\r\n<b><i>Lys Di Mauro 10\/04\/2020<\/i><\/b>\r\n\r\n&nbsp;\r\n\r\nTerzo album per la band svedese, pubblicato dalla nostrana Area Pirata. Ottimo garage rock, rock'n'roll primitivo e sporco, sound grezzo di gusto 60's punk ma anche escursioni nel folk rock pi\u00f9 sghembo e \"stonato\". Originale e particolare, imperdibile per gli amanti del genere.\r\n\r\n<b><i>Antonio Bacciocchi - RadioCOOP 13\/05\/2020<\/i><\/b>\r\n\r\n&nbsp;\r\n\r\nLa nostrana beneamata Area Pirata ha stampato l'ultimo volume di Texas Flashbacks di cui sentivamo tanto la necessit\u00e0? Parrebbe di s\u00ec, ma poi si leggono i nomi e si capisce che questo bel fluire sonoro di garage cattivamente psichedelico \u00e8 tutto del nord Europa ed \u00e8 roba suonata da giovani capelloni di adesso. Insomma ci si sollazza lo stesso, ma \u00e8 una goduria di ora ed \u00e8 targata Svezia (!). Tanto meglio. I Baby Jesus suonano come gli Elevators, certo non c'\u00e8 lo stesso genio creativo, la riproposizione \u00e8 pedissequa e tutto sa di deja-entendu, ma noi che gi\u00e0 abbiamo amato il garage revival degli anni Ottanta non\r\npossiamo che essere felici di questa uscita, abbondantemente soddisfatti da pezzi come Do Worry, la stupenda Red Fangs, la pi\u00f9 \"moderna\" Words of Hate, l'energica quanto realistica No Money. Tredici pezzi in tutto. E lode ad Area Pirata, che ormai da tanti anni non sbagli un colpo!\r\n\r\n<b><i>Mary Ano - Trippa Shake Webzine 19\/05\/2020<\/i><\/b>\r\n\r\n&nbsp;\r\n\r\nQuando sei svedese e nella vita vuoi suonare musica grezza e immediata - intrisa di sudore e miasmi psichedelici, possibilmente unta dal sancta sanctorum 60's - ti trovi in una situazione molto particolare e delicata: almeno non sfigurare nel confronto (improbo) con i tuoi illustri predecessori.\r\nCreeps, Stomachmouths, Crimson Shadows, Nomads sono semplicemente leggende del Garage mondiale cui i Baby Jesus cercano di carpire i fondamentali del Verbo, album dopo album.\r\nE con \"Words Of Hate\" - terzo lavoro uscito in pieno lockdown - ribadiscono il concetto con ancor pi\u00f9 veemenza, buttando gi\u00f9 13 canzoni che pescano s\u00ec dal mazzo, ma ampliando generosamente il ventaglio di riferimenti sonori al netto di paletti di spazio - tempo - genere.\r\n\r\nEcco allora i Morlocks, Link Wray, i Creedence e pure i Black Lips fare capolino qua e l\u00e0 tra schizzi surf, ballad folk marziane, jingle jangle lisergici e un paio di tirate dal DNA punkettone proprio niente male.\r\nDunque posso tranquillamente affermare che la missione dei kids di Halmstad \u00e8 riuscita.\r\nVale a dire ritagliarsi un angolino accogliente subito alle spalle dei loro antenati blasonati, nonostante un refresh compositivo - circostanziato proprio in \"Words Of Hate\" - che li rende pi\u00f9 protagonisti contemporanei che nostalgici revivalisti.\r\nPer gli amanti del Garage e del Rock And Roll in generale.\r\n\r\nAscolta: \"No Reason At All\", \"Red Fangs\", \"Baked For Money\", \"Who You Are\".\r\n\r\n<b><i>Davide Monteverdi - Razzputin Crew Milano 20\/05\/2020<\/i><\/b>\r\n\r\n&nbsp;\r\n\r\nMi sembra doverosa, prima di parlare di questo disco, una mia umilissima dissertazione su cosa sia per me la psychedelia e su dove trovi il suo apogeo.\r\n\r\nLa psychedelia non \u00e8 il suono masturbatorio di tante band sopravalutate e dei loro brani pieni di inutili e noiosissimi assoli, ma \u00e8 il ruggito acido fulmineo di gruppi come i 13th Floor Elevators, i Pink Floyd del primo e di parte del secondo disco, gli Electric Prunes, i Seeds, i Plan 9, i Plasticland, i Beatles perch\u00e9 checch\u00e8 se ne dica i fab four sono (quasi) sempre stati geniali, gli Small Faces e, per restare nei patrii confini, gli indimenticabili Steeplejack.\r\n\r\nDi psychedelia \u00e8 pregna anche la follia splendidamente sbilenca dei Black Lips di Let it Bloom, perch\u00e9 in fondo psychedelia e follia possono essere considerati quasi sinonimi. Questa lunga, ma spero non tediosa, premessa mi \u00e8 stata utile per introdurre questo disco perch\u00e9 il suono dei Baby Jesus \u00e8 principalmente psych anzich\u00e9 garage, anche se le due cose non sono affatto antitetiche.\r\n\r\n<em>Non sono forse un omaggio a Roky Erickson e compagni l'iniziale No Reason at All e Red Fangs?\r\n<\/em>\r\n\r\nCon la voce filtrata che sembra provenire da un altro affascinante pianeta.\r\n\r\nPer Do Worry invece si potrebbe scomodare un paragone pi\u00f9 \u201cattuale\u201d con il sound dei texani Gris Gris mentre Country I C, come si evince dal titolo, \u00e8 country ma storto alla maniera dei Country Teasers. Il riferimento ai sopracitati Black Lips \u00e8 quanto meno fondato nell'incedere scombicchierato di No Money e se in Baked for Money sembra di ascoltare un pezzo freakbeat alla Embrooks Who Are You scomoda i sunnominati Small Faces.\r\n\r\nPenso di aver fatto capire a chi ha avuto la compiacenza di leggere queste righe che a me questo disco \u00e8 piaciuto e pure parecchio.\r\n\r\n<strong>Accomodatevi sul divano, mettete sul piatto Words of Hate, chiudete gli occhi e lasciatevi avvolgere dalle voluttuose spire dei Baby Jesus perch\u00e9, come diceva qualcuno, naufragar m'\u00e8 dolce in questo mare.<\/strong>\r\n\r\n<b><i>Diego Curcio - Huskercore blog 09\/06\/2020<\/i><\/b>\r\n\r\n&nbsp;\r\n\r\n\"Words of hate\" dei Baby Jesus \u00e8 un disco della madonna. Inutile girarci troppo intorno. La band svedese, con questo suo terzo album pubblicato in vinile dall'italiana Area Pirata, ha fatto centro. Garage, country, surf, power-pop e psichedelia si fondono alla perfezione in un mix perverso e irresistibile, che ricorda i Black Lips pi\u00f9 scanzonati degli ultimi bellissimi dischi. L'album \u00e8 pieno zeppo di canzoni dalle melodie svogliate e sopraffine, suonate con uno scazzo magistrale e una dolcissima indolenza. \"Country I C\" - la mia preferita in assoluto - \"Red fangs\", \"Who you are\" e la title track \"Words of hate\" sono dei veri e propri gioielli di rock sfilacciato e zuccheroso, che ti restano addosso come il fumo di una sigaretta puzzolente. \"Bjorns\" e \"No money\"sembrano appena uscite da un volume perduto \"Nuggets\", mentre il blues-punk malato di \"Baked for money\" \u00e8 quasi un'invocazione laica al dio del rok'n'roll. Ma se continuo di questo passo finisce che vi elenco ogni singolo pezzo e mi metto a svarionare come al solito. Il fatto \u00e8 che \"Words of hate\" non ha un brano debole neppure a pagarlo. Ogni canzoni vale il prezzo del biglietto. Quindi poche storie: fate vostro questo disco e mi ringrazierete per il resto dei vostri giorni.\r\n\r\n<b><i>Luca Calcagno - InYourEyes 'zine 03\/06\/2020<\/i><\/b>\r\n\r\n&nbsp;\r\n\r\nI <strong>Baby Jesus<\/strong> sono un quartetto svedese che per il terzo disco ha deciso di incidere per la pisana Area Pirata. Il loro sound si caratterizza per essere un bel mix di garage, rock, psichedelia e punk. In tredici brani \"<strong>Words of hate<\/strong>\" si dipana lungo le coordinate del del miglior garage sia tradizionale che pi\u00f9 recente. Il disco parte con il classic garage degli anni \u201860 di \"No reason at all\", in cui sembra di ascoltare i Them sotto acido, per poi giungere alle circolarit\u00e0 di \"Do worry\", brano in linea con il garage sfacciato dei Black Lips. Il country-punk sincopato di \"Country\" non \u00e8 molto lontano dai migliori Chrome Cranks, anche se gli svedesi sono meno rancorosi e isterici. Il surf di \"Girlbangs\" \u00e8 particolarmente inquietante, degno di un noir diretto da Quentin Tarantino, ma la successiva \"Bjorns\" culla l\u2019ascoltatore in un rassicurante soul-pop-r\u2019n\u2019b. Per scuotere le chiappe assestano un bel montante con la frizzante \"No money\" e con \"Backed for money\" intrigano perch\u00e9 ci regalano un soul primitivo, che neanche i Beasts of Bourbon hanno avuto il coraggio di cantare. Un gran bel disco!\r\n\r\n<b><i>Vittorio Lanutti - Freak Out 05\/08\/2020<\/i><\/b>\r\n\r\n&nbsp;\r\n\r\nOriginari di Halmstad, i Baby Jesus arrivano a noi tramite Area Pirata Records per un full leght riuscito ed immediato, definito da strutture garage rock, in cui punk, alternative e surf offrono il background ideale per sviluppare la terza fatica della band svedese.\r\n\r\nA dare inizio al disco \u00e8 un forte sentore Velvet Underground, le cui note tornano in un quadro di reminiscenze espressive, libere dal tempo (cadenzato) di No reason at all, in cui la metrica regolare viene disegnata con l'ausilio di intermittenze inattese. Il sound, immediato e privo di inutili fronzoli, sembra conquistare sin dai primi passaggi, proprio come dimostra il (proto)punk rock battente e minimale di Do worry, in cui sonorit\u00e0 seventies anticipano una tra le tracce pi\u00f9 interessanti del full lenght: Country I C. La composizione, leggiadra e caratterizzante, offre spazi west e venature diversificate in grado di riunire brit pop con il mondo di Brian Wilson, ponendosi tra cornici fondamentalmente rock.\r\n\r\nI giochi narrativi proseguono poi con gli echi surf di Girl bangs, in cui l'uso delle toniche funge da metodica consuetudine espressiva, e il rock vintage di Bjorns, innestato tra keyboards e elementi pshych-prog, che vanno ad impreziosire una set list avvolgente e ben bilanciata.\r\n\r\nLa band riparte con un lato b immediatamente definito dall'ottimo surf &amp; punk di No money, in cui sensazioni resofoniche si intrecciano a filtri e assoli fifty, deformati da intelaiature ardite, pronte ad uscire da quelle sonorit\u00e0 attese che a tratti portano in dote sensazioni Stones anni '60. Il disco scorre veloce verso Lunas song, pronta a proseguire il viatico tra note passatiste, e la leggerezza di Who you are con cui la band torna sulle tracce del brit pop innervato di intuizioni punk del west end, per poi andare a chiudere il buon disco con la partitura di Haschbrowns che, con il suo mood, ancora una volta ci accompagna tra gli Happy Days di un tempo, che sembrano essere ahim\u00e8 eccessivamente lontani.\r\n\r\nInsomma, non dubitate, perch\u00e9 Area Pirata si sta confermando una delle migliori label indipendenti del momento. Ascoltate, ballate, comprate e continuate a ballare all'ombra di un disco che, in questo mese, ha occupato il mio stereo per molti pi\u00f9 giorni di ci\u00f2 che credevo.\r\n\r\n<b><i>Loris Gualdi - Music on TNT 15\/07\/2020<\/i><\/b>","interviste":""},"_links":{"self":[{"href":"https:\/\/www.areapirata.com\/en\/wp-json\/wp\/v2\/product\/52321","targetHints":{"allow":["GET"]}}],"collection":[{"href":"https:\/\/www.areapirata.com\/en\/wp-json\/wp\/v2\/product"}],"about":[{"href":"https:\/\/www.areapirata.com\/en\/wp-json\/wp\/v2\/types\/product"}],"replies":[{"embeddable":true,"href":"https:\/\/www.areapirata.com\/en\/wp-json\/wp\/v2\/comments?post=52321"}],"version-history":[{"count":0,"href":"https:\/\/www.areapirata.com\/en\/wp-json\/wp\/v2\/product\/52321\/revisions"}],"wp:featuredmedia":[{"embeddable":true,"href":"https:\/\/www.areapirata.com\/en\/wp-json\/wp\/v2\/media\/52155"}],"wp:attachment":[{"href":"https:\/\/www.areapirata.com\/en\/wp-json\/wp\/v2\/media?parent=52321"}],"wp:term":[{"taxonomy":"product_brand","embeddable":true,"href":"https:\/\/www.areapirata.com\/en\/wp-json\/wp\/v2\/product_brand?post=52321"},{"taxonomy":"product_cat","embeddable":true,"href":"https:\/\/www.areapirata.com\/en\/wp-json\/wp\/v2\/product_cat?post=52321"}],"curies":[{"name":"wp","href":"https:\/\/api.w.org\/{rel}","templated":true}]}}